{"id":254,"date":"2017-01-26T12:27:27","date_gmt":"2017-01-26T12:27:27","guid":{"rendered":"http:\/\/localhost\/dina\/?page_id=254"},"modified":"2024-04-05T19:50:37","modified_gmt":"2024-04-05T17:50:37","slug":"home","status":"publish","type":"page","link":"https:\/\/engelueberlingen.de\/","title":{"rendered":"Home"},"content":{"rendered":"\t\t<div data-elementor-type=\"wp-post\" data-elementor-id=\"254\" class=\"elementor elementor-254\">\n\t\t\t\t\t\t\t\t\t<section class=\"elementor-section elementor-top-section elementor-element elementor-element-1151508 elementor-section-boxed elementor-section-height-default elementor-section-height-default\" data-id=\"1151508\" data-element_type=\"section\" data-settings=\"{&quot;background_background&quot;:&quot;classic&quot;}\">\n\t\t\t\t\t\t<div class=\"elementor-container elementor-column-gap-default\">\n\t\t\t\t\t<div class=\"elementor-column elementor-col-33 elementor-top-column elementor-element elementor-element-4a8caaa\" data-id=\"4a8caaa\" data-element_type=\"column\">\n\t\t\t<div class=\"elementor-widget-wrap elementor-element-populated\">\n\t\t\t\t\t\t\t\t<div class=\"elementor-element elementor-element-c3f1338 elementor-position-left icon-img elementor-vertical-align-top elementor-widget elementor-widget-image-box\" data-id=\"c3f1338\" data-element_type=\"widget\" data-widget_type=\"image-box.default\">\n\t\t\t\t<div class=\"elementor-widget-container\">\n\t\t\t<style>\/*! elementor - v3.8.1 - 13-11-2022 *\/\n.elementor-widget-image-box .elementor-image-box-content{width:100%}@media (min-width:768px){.elementor-widget-image-box.elementor-position-left .elementor-image-box-wrapper,.elementor-widget-image-box.elementor-position-right .elementor-image-box-wrapper{display:-webkit-box;display:-ms-flexbox;display:flex}.elementor-widget-image-box.elementor-position-right .elementor-image-box-wrapper{text-align:right;-webkit-box-orient:horizontal;-webkit-box-direction:reverse;-ms-flex-direction:row-reverse;flex-direction:row-reverse}.elementor-widget-image-box.elementor-position-left .elementor-image-box-wrapper{text-align:left;-webkit-box-orient:horizontal;-webkit-box-direction:normal;-ms-flex-direction:row;flex-direction:row}.elementor-widget-image-box.elementor-position-top .elementor-image-box-img{margin:auto}.elementor-widget-image-box.elementor-vertical-align-top .elementor-image-box-wrapper{-webkit-box-align:start;-ms-flex-align:start;align-items:flex-start}.elementor-widget-image-box.elementor-vertical-align-middle .elementor-image-box-wrapper{-webkit-box-align:center;-ms-flex-align:center;align-items:center}.elementor-widget-image-box.elementor-vertical-align-bottom .elementor-image-box-wrapper{-webkit-box-align:end;-ms-flex-align:end;align-items:flex-end}}@media (max-width:767px){.elementor-widget-image-box .elementor-image-box-img{margin-left:auto!important;margin-right:auto!important;margin-bottom:15px}}.elementor-widget-image-box .elementor-image-box-img{display:inline-block}.elementor-widget-image-box .elementor-image-box-title a{color:inherit}.elementor-widget-image-box .elementor-image-box-wrapper{text-align:center}.elementor-widget-image-box .elementor-image-box-description{margin:0}<\/style><div class=\"elementor-image-box-wrapper\"><figure class=\"elementor-image-box-img\"><img loading=\"lazy\" decoding=\"async\" width=\"150\" height=\"150\" src=\"https:\/\/engelueberlingen.de\/wp-content\/uploads\/2017\/01\/groceries-2-150x150.png\" class=\"attachment-thumbnail size-thumbnail\" alt=\"\" \/><\/figure><div class=\"elementor-image-box-content\"><h5 class=\"elementor-image-box-title\">FRISCHE PRODUKTE<\/h5><\/div><\/div>\t\t<\/div>\n\t\t\t\t<\/div>\n\t\t\t\t\t<\/div>\n\t\t<\/div>\n\t\t\t\t<div class=\"elementor-column elementor-col-33 elementor-top-column elementor-element elementor-element-d0f8aa0\" data-id=\"d0f8aa0\" data-element_type=\"column\">\n\t\t\t<div class=\"elementor-widget-wrap elementor-element-populated\">\n\t\t\t\t\t\t\t\t<div class=\"elementor-element elementor-element-742cc5a elementor-position-left icon-img elementor-vertical-align-top elementor-widget elementor-widget-image-box\" data-id=\"742cc5a\" data-element_type=\"widget\" data-widget_type=\"image-box.default\">\n\t\t\t\t<div class=\"elementor-widget-container\">\n\t\t\t<div class=\"elementor-image-box-wrapper\"><figure class=\"elementor-image-box-img\"><img loading=\"lazy\" decoding=\"async\" width=\"150\" height=\"150\" src=\"https:\/\/engelueberlingen.de\/wp-content\/uploads\/2017\/01\/food-2-150x150.png\" class=\"attachment-thumbnail size-thumbnail\" alt=\"\" \/><\/figure><div class=\"elementor-image-box-content\"><h5 class=\"elementor-image-box-title\">SEHR GUT B\u00dcRGERLICHE K\u00dcCHE<\/h5><\/div><\/div>\t\t<\/div>\n\t\t\t\t<\/div>\n\t\t\t\t\t<\/div>\n\t\t<\/div>\n\t\t\t\t<div class=\"elementor-column elementor-col-33 elementor-top-column elementor-element elementor-element-626aa6b\" data-id=\"626aa6b\" data-element_type=\"column\">\n\t\t\t<div class=\"elementor-widget-wrap elementor-element-populated\">\n\t\t\t\t\t\t\t\t<div class=\"elementor-element elementor-element-878c839 elementor-position-left icon-img elementor-vertical-align-top elementor-widget elementor-widget-image-box\" data-id=\"878c839\" data-element_type=\"widget\" data-widget_type=\"image-box.default\">\n\t\t\t\t<div class=\"elementor-widget-container\">\n\t\t\t<div class=\"elementor-image-box-wrapper\"><figure class=\"elementor-image-box-img\"><img loading=\"lazy\" decoding=\"async\" width=\"150\" height=\"150\" src=\"https:\/\/engelueberlingen.de\/wp-content\/uploads\/2017\/01\/glass-1-150x150.png\" class=\"attachment-thumbnail size-thumbnail\" alt=\"\" \/><\/figure><div class=\"elementor-image-box-content\"><h5 class=\"elementor-image-box-title\">REGIONALE WEINE<\/h5><\/div><\/div>\t\t<\/div>\n\t\t\t\t<\/div>\n\t\t\t\t\t<\/div>\n\t\t<\/div>\n\t\t\t\t\t\t\t<\/div>\n\t\t<\/section>\n\t\t\t\t<section class=\"elementor-section elementor-top-section elementor-element elementor-element-6ae9043 elementor-section-boxed elementor-section-height-default elementor-section-height-default\" data-id=\"6ae9043\" data-element_type=\"section\">\n\t\t\t\t\t\t<div class=\"elementor-container elementor-column-gap-default\">\n\t\t\t\t\t<div class=\"elementor-column elementor-col-50 elementor-top-column elementor-element elementor-element-cabaacd\" data-id=\"cabaacd\" data-element_type=\"column\">\n\t\t\t<div class=\"elementor-widget-wrap elementor-element-populated\">\n\t\t\t\t\t\t\t\t<div class=\"elementor-element elementor-element-a3265ca home-subtitle-el elementor-widget elementor-widget-heading\" data-id=\"a3265ca\" data-element_type=\"widget\" data-widget_type=\"heading.default\">\n\t\t\t\t<div class=\"elementor-widget-container\">\n\t\t\t<style>\/*! elementor - v3.8.1 - 13-11-2022 *\/\n.elementor-heading-title{padding:0;margin:0;line-height:1}.elementor-widget-heading .elementor-heading-title[class*=elementor-size-]>a{color:inherit;font-size:inherit;line-height:inherit}.elementor-widget-heading .elementor-heading-title.elementor-size-small{font-size:15px}.elementor-widget-heading .elementor-heading-title.elementor-size-medium{font-size:19px}.elementor-widget-heading .elementor-heading-title.elementor-size-large{font-size:29px}.elementor-widget-heading .elementor-heading-title.elementor-size-xl{font-size:39px}.elementor-widget-heading .elementor-heading-title.elementor-size-xxl{font-size:59px}<\/style><h3 class=\"elementor-heading-title elementor-size-default\">GESCHICHTE<\/h3>\t\t<\/div>\n\t\t\t\t<\/div>\n\t\t\t\t<div class=\"elementor-element elementor-element-8cd4dbb home-title-el title-headline-el elementor-widget elementor-widget-heading\" data-id=\"8cd4dbb\" data-element_type=\"widget\" data-widget_type=\"heading.default\">\n\t\t\t\t<div class=\"elementor-widget-container\">\n\t\t\t<h2 class=\"elementor-heading-title elementor-size-default\">\u00dcBER UNS<\/h2>\t\t<\/div>\n\t\t\t\t<\/div>\n\t\t\t\t<div class=\"elementor-element elementor-element-d17189d elementor-widget elementor-widget-heading\" data-id=\"d17189d\" data-element_type=\"widget\" data-widget_type=\"heading.default\">\n\t\t\t\t<div class=\"elementor-widget-container\">\n\t\t\t<p class=\"elementor-heading-title elementor-size-default\">Herzlich willkommen im Gasthof Engel <\/p>\t\t<\/div>\n\t\t\t\t<\/div>\n\t\t\t\t<div class=\"elementor-element elementor-element-b0bddb7 elementor-widget elementor-widget-heading\" data-id=\"b0bddb7\" data-element_type=\"widget\" data-widget_type=\"heading.default\">\n\t\t\t\t<div class=\"elementor-widget-container\">\n\t\t\t<p class=\"elementor-heading-title elementor-size-default\">Wir m\u00f6chten Sie einladen: Auf eine kulinarische Reise durch unsere sch\u00f6ne Region, mit den frischesten Produkten und den besten Weinen, die der Bodensee zu bieten hat.  <\/p>\t\t<\/div>\n\t\t\t\t<\/div>\n\t\t\t\t\t<\/div>\n\t\t<\/div>\n\t\t\t\t<div class=\"elementor-column elementor-col-50 elementor-top-column elementor-element elementor-element-5dfb73c\" data-id=\"5dfb73c\" data-element_type=\"column\">\n\t\t\t<div class=\"elementor-widget-wrap elementor-element-populated\">\n\t\t\t\t\t\t\t\t<div class=\"elementor-element elementor-element-3f6c460 elementor-widget elementor-widget-image\" data-id=\"3f6c460\" data-element_type=\"widget\" data-widget_type=\"image.default\">\n\t\t\t\t<div class=\"elementor-widget-container\">\n\t\t\t<style>\/*! elementor - v3.8.1 - 13-11-2022 *\/\n.elementor-widget-image{text-align:center}.elementor-widget-image a{display:inline-block}.elementor-widget-image a img[src$=\".svg\"]{width:48px}.elementor-widget-image img{vertical-align:middle;display:inline-block}<\/style>\t\t\t\t\t\t\t\t\t\t\t\t<img loading=\"lazy\" decoding=\"async\" width=\"350\" height=\"200\" src=\"https:\/\/engelueberlingen.de\/wp-content\/uploads\/2017\/02\/featured-img-2-1.jpg\" class=\"attachment-full size-full\" alt=\"\" srcset=\"https:\/\/engelueberlingen.de\/wp-content\/uploads\/2017\/02\/featured-img-2-1.jpg 350w, https:\/\/engelueberlingen.de\/wp-content\/uploads\/2017\/02\/featured-img-2-1-300x171.jpg 300w\" sizes=\"auto, (max-width: 350px) 100vw, 350px\" \/>\t\t\t\t\t\t\t\t\t\t\t\t\t\t\t<\/div>\n\t\t\t\t<\/div>\n\t\t\t\t\t<\/div>\n\t\t<\/div>\n\t\t\t\t\t\t\t<\/div>\n\t\t<\/section>\n\t\t\t\t<section class=\"elementor-section elementor-top-section elementor-element elementor-element-a36b11f elementor-section-boxed elementor-section-height-default elementor-section-height-default\" data-id=\"a36b11f\" data-element_type=\"section\" data-settings=\"{&quot;background_background&quot;:&quot;classic&quot;}\">\n\t\t\t\t\t\t\t<div class=\"elementor-background-overlay\"><\/div>\n\t\t\t\t\t\t\t<div class=\"elementor-container elementor-column-gap-default\">\n\t\t\t\t\t<div class=\"elementor-column elementor-col-100 elementor-top-column elementor-element elementor-element-3c8523c\" data-id=\"3c8523c\" data-element_type=\"column\">\n\t\t\t<div class=\"elementor-widget-wrap\">\n\t\t\t\t\t\t\t\t\t<\/div>\n\t\t<\/div>\n\t\t\t\t\t\t\t<\/div>\n\t\t<\/section>\n\t\t\t\t<section class=\"elementor-section elementor-top-section elementor-element elementor-element-46343a6 elementor-section-boxed elementor-section-height-default elementor-section-height-default\" data-id=\"46343a6\" data-element_type=\"section\">\n\t\t\t\t\t\t<div class=\"elementor-container elementor-column-gap-default\">\n\t\t\t\t\t<div class=\"elementor-column elementor-col-50 elementor-top-column elementor-element elementor-element-5813fca\" data-id=\"5813fca\" data-element_type=\"column\">\n\t\t\t<div class=\"elementor-widget-wrap elementor-element-populated\">\n\t\t\t\t\t\t\t\t<div class=\"elementor-element elementor-element-b5b2675 elementor-widget elementor-widget-image\" data-id=\"b5b2675\" data-element_type=\"widget\" data-widget_type=\"image.default\">\n\t\t\t\t<div class=\"elementor-widget-container\">\n\t\t\t\t\t\t\t\t\t\t\t\t\t\t\t<img loading=\"lazy\" decoding=\"async\" width=\"1598\" height=\"1080\" src=\"https:\/\/engelueberlingen.de\/wp-content\/uploads\/2022\/03\/fruit-1761031_1920-e1647441255312.jpg\" class=\"attachment-full size-full\" alt=\"\" srcset=\"https:\/\/engelueberlingen.de\/wp-content\/uploads\/2022\/03\/fruit-1761031_1920-e1647441255312.jpg 1598w, https:\/\/engelueberlingen.de\/wp-content\/uploads\/2022\/03\/fruit-1761031_1920-e1647441255312-300x203.jpg 300w, https:\/\/engelueberlingen.de\/wp-content\/uploads\/2022\/03\/fruit-1761031_1920-e1647441255312-1024x692.jpg 1024w, https:\/\/engelueberlingen.de\/wp-content\/uploads\/2022\/03\/fruit-1761031_1920-e1647441255312-768x519.jpg 768w, https:\/\/engelueberlingen.de\/wp-content\/uploads\/2022\/03\/fruit-1761031_1920-e1647441255312-1536x1038.jpg 1536w\" sizes=\"auto, (max-width: 1598px) 100vw, 1598px\" \/>\t\t\t\t\t\t\t\t\t\t\t\t\t\t\t<\/div>\n\t\t\t\t<\/div>\n\t\t\t\t\t<\/div>\n\t\t<\/div>\n\t\t\t\t<div class=\"elementor-column elementor-col-50 elementor-top-column elementor-element elementor-element-05b237d\" data-id=\"05b237d\" data-element_type=\"column\">\n\t\t\t<div class=\"elementor-widget-wrap elementor-element-populated\">\n\t\t\t\t\t\t\t\t<div class=\"elementor-element elementor-element-64ac9ba home-subtitle-el elementor-widget elementor-widget-heading\" data-id=\"64ac9ba\" data-element_type=\"widget\" data-widget_type=\"heading.default\">\n\t\t\t\t<div class=\"elementor-widget-container\">\n\t\t\t<h3 class=\"elementor-heading-title elementor-size-default\">FRISCHE<\/h3>\t\t<\/div>\n\t\t\t\t<\/div>\n\t\t\t\t<div class=\"elementor-element elementor-element-b30b7da home-title-el title-headline-el elementor-widget elementor-widget-heading\" data-id=\"b30b7da\" data-element_type=\"widget\" data-widget_type=\"heading.default\">\n\t\t\t\t<div class=\"elementor-widget-container\">\n\t\t\t<h2 class=\"elementor-heading-title elementor-size-default\">PRODUKTE<\/h2>\t\t<\/div>\n\t\t\t\t<\/div>\n\t\t\t\t<div class=\"elementor-element elementor-element-3dc4360 elementor-widget elementor-widget-heading\" data-id=\"3dc4360\" data-element_type=\"widget\" data-widget_type=\"heading.default\">\n\t\t\t\t<div class=\"elementor-widget-container\">\n\t\t\t<p class=\"elementor-heading-title elementor-size-default\">Wir setzen unter anderem auf Premium Produkte <br>aus der Bodensee Region, abh\u00e4ngig davon, was die <br>Saison zu bieten hat. Frische Zutaten, handwerkliches K\u00f6nnen und die Liebe zum Beruf bestimmen unsere t\u00e4gliche Arbeit.  <\/p>\t\t<\/div>\n\t\t\t\t<\/div>\n\t\t\t\t\t<\/div>\n\t\t<\/div>\n\t\t\t\t\t\t\t<\/div>\n\t\t<\/section>\n\t\t\t\t<section class=\"elementor-section elementor-top-section elementor-element elementor-element-831a647 elementor-section-boxed elementor-section-height-default elementor-section-height-default\" data-id=\"831a647\" data-element_type=\"section\">\n\t\t\t\t\t\t<div class=\"elementor-container elementor-column-gap-default\">\n\t\t\t\t\t<div class=\"elementor-column elementor-col-50 elementor-top-column elementor-element elementor-element-bd1f4ef\" data-id=\"bd1f4ef\" data-element_type=\"column\">\n\t\t\t<div class=\"elementor-widget-wrap elementor-element-populated\">\n\t\t\t\t\t\t\t\t<div class=\"elementor-element elementor-element-f9e9a58 home-subtitle-el elementor-widget elementor-widget-heading\" data-id=\"f9e9a58\" data-element_type=\"widget\" data-widget_type=\"heading.default\">\n\t\t\t\t<div class=\"elementor-widget-container\">\n\t\t\t<h3 class=\"elementor-heading-title elementor-size-default\">SEHR GUT B\u00dcRGERLICHE <\/h3>\t\t<\/div>\n\t\t\t\t<\/div>\n\t\t\t\t<div class=\"elementor-element elementor-element-7a0db67 home-title-el title-headline-el elementor-widget elementor-widget-heading\" data-id=\"7a0db67\" data-element_type=\"widget\" data-widget_type=\"heading.default\">\n\t\t\t\t<div class=\"elementor-widget-container\">\n\t\t\t<h2 class=\"elementor-heading-title elementor-size-default\">K\u00dcCHE<\/h2>\t\t<\/div>\n\t\t\t\t<\/div>\n\t\t\t\t<div class=\"elementor-element elementor-element-681f913 elementor-widget elementor-widget-heading\" data-id=\"681f913\" data-element_type=\"widget\" data-widget_type=\"heading.default\">\n\t\t\t\t<div class=\"elementor-widget-container\">\n\t\t\t<p class=\"elementor-heading-title elementor-size-default\">Egal ob klassische Rezepte der s\u00fcddeutschen K\u00fcche oder pfiffige vegetarische &amp; vegane Gerichte, bei uns ist f\u00fcr jeden etwas dabei. Wir kochen frisch f\u00fcr Sie, bei uns kommt nichts aus der T\u00fcte. <\/p>\t\t<\/div>\n\t\t\t\t<\/div>\n\t\t\t\t\t<\/div>\n\t\t<\/div>\n\t\t\t\t<div class=\"elementor-column elementor-col-50 elementor-top-column elementor-element elementor-element-3e0a27b\" data-id=\"3e0a27b\" data-element_type=\"column\">\n\t\t\t<div class=\"elementor-widget-wrap elementor-element-populated\">\n\t\t\t\t\t\t\t\t<div class=\"elementor-element elementor-element-3eb562d elementor-widget elementor-widget-image\" data-id=\"3eb562d\" data-element_type=\"widget\" data-widget_type=\"image.default\">\n\t\t\t\t<div class=\"elementor-widget-container\">\n\t\t\t\t\t\t\t\t\t\t\t\t\t\t\t<img loading=\"lazy\" decoding=\"async\" width=\"1920\" height=\"1280\" src=\"https:\/\/engelueberlingen.de\/wp-content\/uploads\/2022\/03\/asparagus-2169305_1920.jpg\" class=\"attachment-full size-full\" alt=\"\" srcset=\"https:\/\/engelueberlingen.de\/wp-content\/uploads\/2022\/03\/asparagus-2169305_1920.jpg 1920w, https:\/\/engelueberlingen.de\/wp-content\/uploads\/2022\/03\/asparagus-2169305_1920-300x200.jpg 300w, https:\/\/engelueberlingen.de\/wp-content\/uploads\/2022\/03\/asparagus-2169305_1920-1024x683.jpg 1024w, https:\/\/engelueberlingen.de\/wp-content\/uploads\/2022\/03\/asparagus-2169305_1920-768x512.jpg 768w, https:\/\/engelueberlingen.de\/wp-content\/uploads\/2022\/03\/asparagus-2169305_1920-1536x1024.jpg 1536w\" sizes=\"auto, (max-width: 1920px) 100vw, 1920px\" \/>\t\t\t\t\t\t\t\t\t\t\t\t\t\t\t<\/div>\n\t\t\t\t<\/div>\n\t\t\t\t\t<\/div>\n\t\t<\/div>\n\t\t\t\t\t\t\t<\/div>\n\t\t<\/section>\n\t\t\t\t<section class=\"elementor-section elementor-top-section elementor-element elementor-element-89ec10c elementor-section-boxed elementor-section-height-default elementor-section-height-default\" data-id=\"89ec10c\" data-element_type=\"section\">\n\t\t\t\t\t\t<div class=\"elementor-container elementor-column-gap-default\">\n\t\t\t\t\t<div class=\"elementor-column elementor-col-50 elementor-top-column elementor-element elementor-element-798a898\" data-id=\"798a898\" data-element_type=\"column\">\n\t\t\t<div class=\"elementor-widget-wrap elementor-element-populated\">\n\t\t\t\t\t\t\t\t<div class=\"elementor-element elementor-element-3eeeb17 elementor-widget elementor-widget-image\" data-id=\"3eeeb17\" data-element_type=\"widget\" data-widget_type=\"image.default\">\n\t\t\t\t<div class=\"elementor-widget-container\">\n\t\t\t\t\t\t\t\t\t\t\t\t\t\t\t<img loading=\"lazy\" decoding=\"async\" width=\"1920\" height=\"1537\" src=\"https:\/\/engelueberlingen.de\/wp-content\/uploads\/2022\/03\/grapes-1659118_1920.jpg\" class=\"attachment-full size-full\" alt=\"\" srcset=\"https:\/\/engelueberlingen.de\/wp-content\/uploads\/2022\/03\/grapes-1659118_1920.jpg 1920w, https:\/\/engelueberlingen.de\/wp-content\/uploads\/2022\/03\/grapes-1659118_1920-300x240.jpg 300w, https:\/\/engelueberlingen.de\/wp-content\/uploads\/2022\/03\/grapes-1659118_1920-1024x820.jpg 1024w, https:\/\/engelueberlingen.de\/wp-content\/uploads\/2022\/03\/grapes-1659118_1920-768x615.jpg 768w, https:\/\/engelueberlingen.de\/wp-content\/uploads\/2022\/03\/grapes-1659118_1920-1536x1230.jpg 1536w\" sizes=\"auto, (max-width: 1920px) 100vw, 1920px\" \/>\t\t\t\t\t\t\t\t\t\t\t\t\t\t\t<\/div>\n\t\t\t\t<\/div>\n\t\t\t\t\t<\/div>\n\t\t<\/div>\n\t\t\t\t<div class=\"elementor-column elementor-col-50 elementor-top-column elementor-element elementor-element-39ed1a1\" data-id=\"39ed1a1\" data-element_type=\"column\">\n\t\t\t<div class=\"elementor-widget-wrap elementor-element-populated\">\n\t\t\t\t\t\t\t\t<div class=\"elementor-element elementor-element-4f7c7df home-subtitle-el elementor-widget elementor-widget-heading\" data-id=\"4f7c7df\" data-element_type=\"widget\" data-widget_type=\"heading.default\">\n\t\t\t\t<div class=\"elementor-widget-container\">\n\t\t\t<h3 class=\"elementor-heading-title elementor-size-default\">die besten<\/h3>\t\t<\/div>\n\t\t\t\t<\/div>\n\t\t\t\t<div class=\"elementor-element elementor-element-6aa75f5 home-title-el title-headline-el elementor-widget elementor-widget-heading\" data-id=\"6aa75f5\" data-element_type=\"widget\" data-widget_type=\"heading.default\">\n\t\t\t\t<div class=\"elementor-widget-container\">\n\t\t\t<h2 class=\"elementor-heading-title elementor-size-default\">Weine<\/h2>\t\t<\/div>\n\t\t\t\t<\/div>\n\t\t\t\t<div class=\"elementor-element elementor-element-5dafdc9 elementor-widget elementor-widget-heading\" data-id=\"5dafdc9\" data-element_type=\"widget\" data-widget_type=\"heading.default\">\n\t\t\t\t<div class=\"elementor-widget-container\">\n\t\t\t<p class=\"elementor-heading-title elementor-size-default\">Ausl\u00e4ndische Weine werden Sie bei uns nicht finden. <br>Denn der Bodensee hat eine Vielzahl exzellenter und facettenreicher Weine zu bieten, die keine W\u00fcnsche offen lassen. Bei uns k\u00f6nnen Sie das Anbaugebiet Bodensee nochmal neu kennenlernen. Egal ob kr\u00e4ftig oder leicht, fruchtig oder mit milder s\u00e4ure, diese Region kann so viel mehr zu als nur Burgunder.  <\/p>\t\t<\/div>\n\t\t\t\t<\/div>\n\t\t\t\t\t<\/div>\n\t\t<\/div>\n\t\t\t\t\t\t\t<\/div>\n\t\t<\/section>\n\t\t\t\t<section class=\"elementor-section elementor-top-section elementor-element elementor-element-65458d4 elementor-section-boxed elementor-section-height-default elementor-section-height-default\" data-id=\"65458d4\" data-element_type=\"section\">\n\t\t\t\t\t\t<div class=\"elementor-container elementor-column-gap-default\">\n\t\t\t\t\t<div class=\"elementor-column elementor-col-100 elementor-top-column elementor-element elementor-element-5d1a9e3\" data-id=\"5d1a9e3\" data-element_type=\"column\">\n\t\t\t<div class=\"elementor-widget-wrap elementor-element-populated\">\n\t\t\t\t\t\t\t\t<div class=\"elementor-element elementor-element-ca889fe elementor-widget elementor-widget-text-editor\" data-id=\"ca889fe\" data-element_type=\"widget\" data-widget_type=\"text-editor.default\">\n\t\t\t\t<div class=\"elementor-widget-container\">\n\t\t\t<style>\/*! elementor - v3.8.1 - 13-11-2022 *\/\n.elementor-widget-text-editor.elementor-drop-cap-view-stacked .elementor-drop-cap{background-color:#818a91;color:#fff}.elementor-widget-text-editor.elementor-drop-cap-view-framed .elementor-drop-cap{color:#818a91;border:3px solid;background-color:transparent}.elementor-widget-text-editor:not(.elementor-drop-cap-view-default) .elementor-drop-cap{margin-top:8px}.elementor-widget-text-editor:not(.elementor-drop-cap-view-default) .elementor-drop-cap-letter{width:1em;height:1em}.elementor-widget-text-editor .elementor-drop-cap{float:left;text-align:center;line-height:1;font-size:50px}.elementor-widget-text-editor .elementor-drop-cap-letter{display:inline-block}<\/style>\t\t\t\t\t\t\t\t\t\t<\/div>\n\t\t\t\t<\/div>\n\t\t\t\t\t<\/div>\n\t\t<\/div>\n\t\t\t\t\t\t\t<\/div>\n\t\t<\/section>\n\t\t\t\t\t\t\t<\/div>\n\t\t","protected":false},"excerpt":{"rendered":"<p>FRISCHE PRODUKTE SEHR GUT B\u00dcRGERLICHE K\u00dcCHE REGIONALE WEINE GESCHICHTE \u00dcBER UNS Herzlich willkommen im Gasthof Engel Wir m\u00f6chten Sie einladen: Auf eine kulinarische Reise durch unsere sch\u00f6ne Region, mit den frischesten Produkten und den besten Weinen, die der Bodensee zu bieten hat. FRISCHE PRODUKTE Wir setzen unter anderem auf Premium Produkte aus der Bodensee Region, abh\u00e4ngig davon, was die Saison&#8230;<\/p>\n","protected":false},"author":1,"featured_media":0,"parent":0,"menu_order":0,"comment_status":"closed","ping_status":"closed","template":"my-templates\/template-home-elementor.php","meta":{"footnotes":""},"class_list":["post-254","page","type-page","status-publish","hentry"],"_links":{"self":[{"href":"https:\/\/engelueberlingen.de\/index.php\/wp-json\/wp\/v2\/pages\/254","targetHints":{"allow":["GET"]}}],"collection":[{"href":"https:\/\/engelueberlingen.de\/index.php\/wp-json\/wp\/v2\/pages"}],"about":[{"href":"https:\/\/engelueberlingen.de\/index.php\/wp-json\/wp\/v2\/types\/page"}],"author":[{"embeddable":true,"href":"https:\/\/engelueberlingen.de\/index.php\/wp-json\/wp\/v2\/users\/1"}],"replies":[{"embeddable":true,"href":"https:\/\/engelueberlingen.de\/index.php\/wp-json\/wp\/v2\/comments?post=254"}],"version-history":[{"count":138,"href":"https:\/\/engelueberlingen.de\/index.php\/wp-json\/wp\/v2\/pages\/254\/revisions"}],"predecessor-version":[{"id":2439,"href":"https:\/\/engelueberlingen.de\/index.php\/wp-json\/wp\/v2\/pages\/254\/revisions\/2439"}],"wp:attachment":[{"href":"https:\/\/engelueberlingen.de\/index.php\/wp-json\/wp\/v2\/media?parent=254"}],"curies":[{"name":"wp","href":"https:\/\/api.w.org\/{rel}","templated":true}]}}